{"id":5433,"date":"2021-10-07T09:05:47","date_gmt":"2021-10-07T09:05:47","guid":{"rendered":"https:\/\/next.bladeinformatica.biz\/wp\/?page_id=5433"},"modified":"2021-11-08T16:15:57","modified_gmt":"2021-11-08T16:15:57","slug":"cookie-policy","status":"publish","type":"page","link":"https:\/\/nextautomation.it\/en\/cookie-policy\/","title":{"rendered":"Cookie Policy"},"content":{"rendered":"<div class=\"vc_row wpb_row vc_row-fluid\"><div class=\"wpb_column vc_column_container vc_col-sm-12\"><div class=\"vc_column-inner\"><div class=\"wpb_wrapper\">\n\t<div class=\"wpb_text_column wpb_content_element\" >\n\t\t<div class=\"wpb_wrapper\">\n\t\t\t<h2>COOKIES<\/h2>\n<p>Next Automation, tramite il proprio Sito, utilizza dei cookies al fine di rendere l\u2019esperienza di navigazione il pi\u00f9 possibile aderente ai desideri ed alle necessit\u00e0 degli Utenti, nonch\u00e9 al fine di rendere maggiormente fruibili i contenuti web consultati dagli stessi. E\u2019 grazie ai cookies che \u00e8 possibile garantire una navigazione pi\u00f9 agevole ed una maggiore facilit\u00e0 ed intuitivit\u00e0 d\u2019uso del Sito.<br \/>\nI cookies infatti sono piccoli file di testo, contenenti un \u201cpacchetto di informazioni\u201d, che il Sito invia sul terminale dell\u2019Utente (solitamente sul browser),\u00a0dove vengono memorizzati, per essere poi ritrasmessi allo stesso Sito, nella medesima sessione o nelle successive visite del medesimo Utente. Generalmente,\u00a0i cookies assegnano un numero unico all\u2019Utente; tuttavia, tale numero \u00e8 privo di significato al di fuori del Sito su cui lo stesso \u00e8 stato assegnato.<br \/>\nI cookies possono essere memorizzati solo per il tempo di utilizzo di un determinato sito (i.e. session cookies)\u00a0o per un periodo di tempo pi\u00f9 lungo ed indipendente dalla sessione (i.e. persistent cookies).<br \/>\nDi norma, i cookies permettono al titolare del sito di stabilire quali sono i settori e i contenuti pi\u00f9 visitati o visionati del Sito,\u00a0al fine di adattare gli stessi ai desideri degli Utenti ed al contempo di migliorare i servizi offerti anche,\u00a0ma non limitatamente per rendere una comunicazione su misura degli Utenti e loro relativi interessi.<\/p>\n<p>Le tipologie di cookies utilizzate dal Sito sono:<\/p>\n<ul>\n<li>a. Cookies necessari e funzionali alla navigazione;<\/li>\n<li style=\"font-weight: inherit; font-style: inherit;\">b. Cookies di terze parti.<\/li>\n<\/ul>\n<p><strong>Cookies necessari alla navigazione:<\/strong><\/p>\n<p>Essi sono i cookies indispensabili alla corretta operativit\u00e0 e visibilit\u00e0 del Sito consentendo di navigare utilizzando le funzionalit\u00e0 essenziali.<br \/>\nQuesti cookies non raccolgono informazioni sugli Utenti che potrebbero essere utilizzate per fini di marketing.<br \/>\nI cookies necessari servono, inter alia, per: (i) ricordare i dati degli Utenti nelle diverse pagine nel corso di una sessione di navigazione del browser;\u00a0(ii) visualizzare i contenuti nella lingua prescelta ad ogni accesso,\u00a0riconoscendo da quale nazione l\u2019Utente si connette (e ricordando nei futuri accessi tale impostazione).<\/p>\n<p><strong>Cookies funzionali alla navigazione:<\/strong><\/p>\n<p>Essi sono i cookies che consentono al titolare del sito di rendere all\u2019Utente sensibilmente pi\u00f9 agevole l\u2019utilizzo del Sito.<br \/>\nEssi permettono di identificare gli Utenti che hanno effettuato il log-in al Sito, evitando il nuovo inserimento dei dati ad ogni nuova sessione di navigazione.<br \/>\nTali cookies mirano a facilitarne e a velocizzarne l\u2019utilizzo.<\/p>\n<table border=\"1\" cellspacing=\"0\" cellpadding=\"4\">\n<tbody>\n<tr>\n<td colspan=\"5\" valign=\"top\"><strong>PERFORMANCE<\/strong><\/td>\n<\/tr>\n<tr>\n<td valign=\"top\"><strong>Cookie utilizzato:<\/strong><\/td>\n<td valign=\"top\"><strong>Che cosa f\u00e0?<\/strong><\/td>\n<td colspan=\"2\" valign=\"top\"><strong>Quanto a lungo rimane il cookie sul vostro dispositivo?<\/strong><\/td>\n<td valign=\"top\"><strong>Dettagli sul cookie<\/strong><\/td>\n<\/tr>\n<tr>\n<td valign=\"top\">Analitico \/ Tracking<\/td>\n<td valign=\"top\">Fornisce informazioni anonime \/ aggregate su dove andate e cosa fate sui nostri siti e su altri siti internet.<\/td>\n<td colspan=\"2\" valign=\"top\">Terze parti<\/td>\n<td valign=\"top\"><strong>Google Analytics<\/strong><\/p>\n<p><a href=\"https:\/\/developers.google.com\/analytics\/resources\/concepts\/gaConceptsCookies\" target=\"_blank\" rel=\"noopener\">informazioni su Google Analytics cliccare qui<\/a><\/p>\n<p><strong>YouTube Tracking<br \/>\n<\/strong><a href=\"http:\/\/www.google.co.uk\/intl\/en\/policies\/privacy\/\" target=\"_blank\" rel=\"noopener\">informazioni su YouTube cliccare qui<\/a><\/td>\n<\/tr>\n<tr>\n<td colspan=\"5\" valign=\"top\"><strong>FUNZIONALIT\u00c0<\/strong><\/td>\n<\/tr>\n<tr>\n<td valign=\"top\">Social Media \/ condivisione (sharing)<\/td>\n<td valign=\"top\">Vi permettono di condividere commenti \/ valutazioni \/ pagine \/ bookmark e vi aiutano a semplificare l\u2019accesso<br \/>\nai social network e agli strumenti sociali su internet.<\/td>\n<td colspan=\"2\" valign=\"top\">Terze parti<\/td>\n<td valign=\"top\"><strong>Vimeo<br \/>\n<\/strong><a href=\"https:\/\/vimeo.com\/cookie_policy\" target=\"_blank\" rel=\"noopener\">informazioni sui cookies di Vimeo<\/a><strong>Facebook<\/strong><a href=\"http:\/\/www.facebook.com\/about\/privacy\/your-info-on-other#anothersite\" target=\"_blank\" rel=\"noopener\">informazioni su Facebook Connect cliccare qui<\/a><a href=\"http:\/\/www.facebook.com\/about\/privacy\/your-info-on-other#socialplugin\" target=\"_blank\" rel=\"noopener\">informazioni sui social plug-in di Facebook<\/a><strong>Twitter<br \/>\n<\/strong><a style=\"color: #8bbbdc;\" href=\"http:\/\/twitter.com\/privacy\" target=\"_blank\" rel=\"noopener\">informazioni su Twitter<\/a><strong>YouTube<br \/>\n<\/strong><a href=\"http:\/\/www.google.co.uk\/intl\/en\/policies\/privacy\/\" target=\"_blank\" rel=\"noopener\">informazioni su YouTube<\/a><\/td>\n<\/tr>\n<\/tbody>\n<\/table>\n<h3>Come disabilitare i cookie mediante configurazione del browser<\/h3>\n<ul>\n<li>Disabilitazione dei cookie su\u00a0<a href=\"https:\/\/support.mozilla.org\/it\/kb\/Attivare%20e%20disattivare%20i%20cookie\" target=\"_blank\" rel=\"noopener\"><br \/>\n<strong>Firefox<\/strong><\/a><\/li>\n<li>Disabilitazione dei cookie su\u00a0<a href=\"http:\/\/www.google.com\/policies\/technologies\/managing\/\" target=\"_blank\" rel=\"noopener\"><br \/>\n<strong>Chrome<\/strong><\/a><\/li>\n<li>Disabilitazione dei cookie su\u00a0<a href=\"http:\/\/windows.microsoft.com\/it-it\/internet-explorer\/delete-manage-cookies#ie=ie-11\" target=\"_blank\" rel=\"noopener\"><br \/>\n<strong>Internet Explorer<\/strong><\/a><\/li>\n<li>Disabilitazione dei cookie su\u00a0<a style=\"color: #8bbbdc;\" href=\"http:\/\/support.apple.com\/kb\/HT1677?viewlocale=it_IT&amp;locale=it_IT\" target=\"_blank\" rel=\"noopener\"><br \/>\n<strong>Safari<\/strong><\/a><\/li>\n<li>Disabilitazione dei cookie su\u00a0<strong><a href=\"http:\/\/help.opera.com\/Mac\/12.10\/it\/cookies.html\" target=\"_blank\" rel=\"noopener\">Opera<\/a><br \/>\n<\/strong><\/li>\n<\/ul>\n<hr style=\"color: #666666;\" \/>\n<h3>Come disabilitare i cookie di servizi di terzi<\/h3>\n<ul>\n<li><a href=\"http:\/\/www.google.com\/ads\/preferences\/?hl=it\" target=\"_blank\" rel=\"noopener\">Servizi di Google<\/a><\/li>\n<li><a href=\"https:\/\/www.facebook.com\/help\/cookies?ref_type=sitefooter\" target=\"_blank\" rel=\"noopener\">Facebook<\/a><\/li>\n<li><a href=\"https:\/\/support.twitter.com\/articles\/20170519-uso-dei-cookie-e-di-altre-tecnologie-simili-da-parte-di-twitter\" target=\"_blank\" rel=\"noopener\">Twitter<\/a><\/li>\n<\/ul>\n\n\t\t<\/div>\n\t<\/div>\n<\/div><\/div><\/div><\/div>","protected":false},"excerpt":{"rendered":"<p>COOKIES Next Automation, tramite il proprio Sito, utilizza dei cookies al fine di rendere l\u2019esperienza di navigazione il pi\u00f9 possibile aderente ai desideri ed alle necessit\u00e0 degli Utenti, nonch\u00e9 al fine di rendere maggiormente fruibili i contenuti web consultati dagli stessi. E\u2019 grazie ai cookies che \u00e8 possibile garantire una navigazione pi\u00f9 agevole ed una&hellip;<\/p>","protected":false},"author":1,"featured_media":0,"parent":0,"menu_order":0,"comment_status":"closed","ping_status":"closed","template":"","meta":[],"yoast_head":"<!-- This site is optimized with the Yoast SEO plugin v16.5 - https:\/\/yoast.com\/wordpress\/plugins\/seo\/ -->\n<title>Cookie Policy - Next Automation<\/title>\n<meta name=\"robots\" content=\"index, follow, max-snippet:-1, max-image-preview:large, max-video-preview:-1\" \/>\n<link rel=\"canonical\" href=\"https:\/\/nextautomation.it\/en\/cookie-policy\/\" \/>\n<meta property=\"og:locale\" content=\"en_US\" \/>\n<meta property=\"og:type\" content=\"article\" \/>\n<meta property=\"og:title\" content=\"Cookie Policy - Next Automation\" \/>\n<meta property=\"og:url\" content=\"https:\/\/nextautomation.it\/en\/cookie-policy\/\" \/>\n<meta property=\"og:site_name\" content=\"Next Automation\" \/>\n<meta property=\"article:modified_time\" content=\"2021-11-08T16:15:57+00:00\" \/>\n<meta name=\"twitter:card\" content=\"summary_large_image\" \/>\n<meta name=\"twitter:label1\" content=\"Est. reading time\" \/>\n\t<meta name=\"twitter:data1\" content=\"3 minutes\" \/>\n<script type=\"application\/ld+json\" class=\"yoast-schema-graph\">{\"@context\":\"https:\/\/schema.org\",\"@graph\":[{\"@type\":\"Organization\",\"@id\":\"https:\/\/nextautomation.it\/#organization\",\"name\":\"Next Automation\",\"url\":\"https:\/\/nextautomation.it\/\",\"sameAs\":[],\"logo\":{\"@type\":\"ImageObject\",\"@id\":\"https:\/\/nextautomation.it\/#logo\",\"inLanguage\":\"en-US\",\"url\":\"https:\/\/next.bladeinformatica.biz\/wp\/wp-content\/uploads\/2021\/05\/Progetto-senza-titolo-26.png\",\"contentUrl\":\"https:\/\/next.bladeinformatica.biz\/wp\/wp-content\/uploads\/2021\/05\/Progetto-senza-titolo-26.png\",\"width\":500,\"height\":500,\"caption\":\"Next Automation\"},\"image\":{\"@id\":\"https:\/\/nextautomation.it\/#logo\"}},{\"@type\":\"WebSite\",\"@id\":\"https:\/\/nextautomation.it\/#website\",\"url\":\"https:\/\/nextautomation.it\/\",\"name\":\"Next Automation\",\"description\":\"Products for industrial automation\",\"publisher\":{\"@id\":\"https:\/\/nextautomation.it\/#organization\"},\"potentialAction\":[{\"@type\":\"SearchAction\",\"target\":\"https:\/\/nextautomation.it\/?s={search_term_string}\",\"query-input\":\"required name=search_term_string\"}],\"inLanguage\":\"en-US\"},{\"@type\":\"WebPage\",\"@id\":\"https:\/\/nextautomation.it\/cookie-policy\/#webpage\",\"url\":\"https:\/\/nextautomation.it\/cookie-policy\/\",\"name\":\"Cookie Policy - Next Automation\",\"isPartOf\":{\"@id\":\"https:\/\/nextautomation.it\/#website\"},\"datePublished\":\"2021-10-07T09:05:47+00:00\",\"dateModified\":\"2021-11-08T16:15:57+00:00\",\"breadcrumb\":{\"@id\":\"https:\/\/nextautomation.it\/cookie-policy\/#breadcrumb\"},\"inLanguage\":\"en-US\",\"potentialAction\":[{\"@type\":\"ReadAction\",\"target\":[\"https:\/\/nextautomation.it\/cookie-policy\/\"]}]},{\"@type\":\"BreadcrumbList\",\"@id\":\"https:\/\/nextautomation.it\/cookie-policy\/#breadcrumb\",\"itemListElement\":[{\"@type\":\"ListItem\",\"position\":1,\"name\":\"Home\",\"item\":\"https:\/\/nextautomation.it\/\"},{\"@type\":\"ListItem\",\"position\":2,\"name\":\"Cookie Policy\"}]}]}<\/script>\n<!-- \/ Yoast SEO plugin. -->","_links":{"self":[{"href":"https:\/\/nextautomation.it\/en\/wp-json\/wp\/v2\/pages\/5433"}],"collection":[{"href":"https:\/\/nextautomation.it\/en\/wp-json\/wp\/v2\/pages"}],"about":[{"href":"https:\/\/nextautomation.it\/en\/wp-json\/wp\/v2\/types\/page"}],"author":[{"embeddable":true,"href":"https:\/\/nextautomation.it\/en\/wp-json\/wp\/v2\/users\/1"}],"replies":[{"embeddable":true,"href":"https:\/\/nextautomation.it\/en\/wp-json\/wp\/v2\/comments?post=5433"}],"version-history":[{"count":2,"href":"https:\/\/nextautomation.it\/en\/wp-json\/wp\/v2\/pages\/5433\/revisions"}],"predecessor-version":[{"id":5446,"href":"https:\/\/nextautomation.it\/en\/wp-json\/wp\/v2\/pages\/5433\/revisions\/5446"}],"wp:attachment":[{"href":"https:\/\/nextautomation.it\/en\/wp-json\/wp\/v2\/media?parent=5433"}],"curies":[{"name":"wp","href":"https:\/\/api.w.org\/{rel}","templated":true}]}}